{"id":67,"date":"2020-02-17T21:42:40","date_gmt":"2020-02-17T20:42:40","guid":{"rendered":"http:\/\/memoireducorps.fr\/?page_id=67"},"modified":"2023-06-05T12:04:40","modified_gmt":"2023-06-05T10:04:40","slug":"energie-tibetaine","status":"publish","type":"page","link":"https:\/\/memoireducorps.fr\/index.php\/energie-tibetaine\/","title":{"rendered":"Energie Tib\u00e9taine"},"content":{"rendered":"\n<div class=\"wp-block-columns is-layout-flex wp-container-core-columns-is-layout-9d6595d7 wp-block-columns-is-layout-flex\">\n<div class=\"wp-block-column is-layout-flow wp-block-column-is-layout-flow\">\n<p><\/p>\n\n\n\n<h4 class=\"has-text-align-center wp-block-heading\">Pr\u00e9sentation<\/h4>\n\n\n\n<p class=\"has-text-align-center\">Ce cours, d\u00e9velopp\u00e9 par Dr Bruce et Joan Dewe, est compos\u00e9 d&rsquo;outils de gestion de stress qui s\u2019inspirent des techniques  tib\u00e9taines ou himalayennes.<\/p>\n\n\n\n<h4 class=\"has-text-align-center wp-block-heading\">Pr\u00e9-requis<\/h4>\n\n\n\n<p class=\"has-text-align-center\">Touch For Health 3<\/p>\n<\/div>\n\n\n\n<div class=\"wp-block-column is-layout-flow wp-block-column-is-layout-flow\">\n<p><\/p>\n\n\n\n<figure class=\"wp-block-image size-large\"><img data-recalc-dims=\"1\" fetchpriority=\"high\" decoding=\"async\" width=\"1020\" height=\"680\" src=\"https:\/\/i0.wp.com\/memoireducorps.fr\/wp-content\/uploads\/2020\/03\/tibet-3450337_1920-1024x683.jpg?resize=1020%2C680\" alt=\"\" class=\"wp-image-420\" srcset=\"https:\/\/i0.wp.com\/memoireducorps.fr\/wp-content\/uploads\/2020\/03\/tibet-3450337_1920.jpg?resize=1024%2C683&amp;ssl=1 1024w, https:\/\/i0.wp.com\/memoireducorps.fr\/wp-content\/uploads\/2020\/03\/tibet-3450337_1920.jpg?resize=300%2C200&amp;ssl=1 300w, https:\/\/i0.wp.com\/memoireducorps.fr\/wp-content\/uploads\/2020\/03\/tibet-3450337_1920.jpg?resize=768%2C512&amp;ssl=1 768w, https:\/\/i0.wp.com\/memoireducorps.fr\/wp-content\/uploads\/2020\/03\/tibet-3450337_1920.jpg?resize=1536%2C1024&amp;ssl=1 1536w, https:\/\/i0.wp.com\/memoireducorps.fr\/wp-content\/uploads\/2020\/03\/tibet-3450337_1920.jpg?resize=450%2C300&amp;ssl=1 450w, https:\/\/i0.wp.com\/memoireducorps.fr\/wp-content\/uploads\/2020\/03\/tibet-3450337_1920.jpg?resize=90%2C60&amp;ssl=1 90w, https:\/\/i0.wp.com\/memoireducorps.fr\/wp-content\/uploads\/2020\/03\/tibet-3450337_1920.jpg?w=1920&amp;ssl=1 1920w\" sizes=\"(max-width: 1020px) 100vw, 1020px\" \/><\/figure>\n\n\n\n<h4 class=\"has-text-align-center wp-block-heading\"><strong>Tout Public<\/strong><\/h4>\n<\/div>\n\n\n\n<div class=\"wp-block-column is-layout-flow wp-block-column-is-layout-flow\">\n<h4 class=\"has-text-align-center wp-block-heading\">Objectifs de la formation<\/h4>\n\n\n\n<ul class=\"wp-block-list\"><li>Localiser les diff\u00e9rentes circulations \u00e9nerg\u00e9tiques tib\u00e9tains<\/li><li>D\u00e9couvrir le testing musculaire du Muscle Indicateur (MI) <\/li><li>Identifier la technique pr\u00e9f\u00e9r\u00e9e pour un contexte sp\u00e9cifique<\/li><li>Apprendre des techniques pour lib\u00e9rer le stress, la fatigue, la douleur, l\u2019inflammation et le manque de motivation<\/li><li>Se perfectionner dans l\u2019accompagnement \u00e9nerg\u00e9tique <\/li><\/ul>\n<\/div>\n<\/div>\n\n\n\n<h2 class=\"has-text-align-center wp-block-heading\">Programme ( 1 jour )<\/h2>\n\n\n\n<p>Nous pouvons utiliser cette technique ind\u00e9pendamment ou \u00e0 int\u00e9grer dans le protocole du Touch For Health, vous pratiquerez :<\/p>\n\n\n\n<ul class=\"wp-block-list\"><li>D\u00e9couvrir les pr\u00e9-tests, mani\u00e8re de tester, formulation d\u2019objectif et \u00e9motions associ\u00e9es utilis\u00e9s par la m\u00e9thode<\/li><li>Les 18 \u00ab 8s \u00bb &#8211; pratique avec objectif <\/li><li>Les \u00ab 8s \u00bb en profondeur &#8211; pratique sur des cicatrices <\/li><li>La spirale d\u2019apport de l\u2019\u00e9nergie du ciel <\/li><li>L\u2019activation des m\u00e9ridiens tib\u00e9tains <\/li><li>Respiration tib\u00e9taine de purification, 1 exercice de Ne Jang, les 5 Tib\u00e9tains<\/li><li>S\u00e9ance d\u2019Energie tib\u00e9taine<\/li><\/ul>\n\n\n\n<p class=\"has-text-align-center\"><strong>Prix:<\/strong> 110\u20ac la formation<\/p>\n\n\n\n<h2 class=\"has-text-align-center wp-block-heading\">Instructrice<\/h2>\n\n\n\n<div class=\"wp-block-columns is-layout-flex wp-container-core-columns-is-layout-9d6595d7 wp-block-columns-is-layout-flex\">\n<div class=\"wp-block-column is-layout-flow wp-block-column-is-layout-flow\" style=\"flex-basis:33.33%\">\n<figure class=\"wp-block-image size-large is-style-default\"><img data-recalc-dims=\"1\" decoding=\"async\" width=\"446\" height=\"572\" src=\"https:\/\/i0.wp.com\/memoireducorps.fr\/wp-content\/uploads\/2020\/05\/emeu-site.jpg?resize=446%2C572&#038;ssl=1\" alt=\"\" class=\"wp-image-1134\" srcset=\"https:\/\/i0.wp.com\/memoireducorps.fr\/wp-content\/uploads\/2020\/05\/emeu-site.jpg?w=446&amp;ssl=1 446w, https:\/\/i0.wp.com\/memoireducorps.fr\/wp-content\/uploads\/2020\/05\/emeu-site.jpg?resize=234%2C300&amp;ssl=1 234w, https:\/\/i0.wp.com\/memoireducorps.fr\/wp-content\/uploads\/2020\/05\/emeu-site.jpg?resize=47%2C60&amp;ssl=1 47w\" sizes=\"(max-width: 446px) 100vw, 446px\" \/><\/figure>\n<\/div>\n\n\n\n<div class=\"wp-block-column is-layout-flow wp-block-column-is-layout-flow\" style=\"flex-basis:66.66%\">\n<h3 class=\"wp-block-heading\"><strong>Emeline Fr\u00e9ville<\/strong> <\/h3>\n\n\n\n<p class=\"has-text-align-center\">Kin\u00e9siologue depuis 2015, Instructrice en :<\/p>\n\n\n\n<ul class=\"wp-block-list\"><li>Touch For Health1-4, M\u00e9taphores, Energies Tib\u00e9taines, TFH Proficiency<\/li><li>KCS 1 (Kin\u00e9siologie Cr\u00e2nio-Sacr\u00e9e), <\/li><li>Bases, EME (Equilibre, Mouvement, Emotions), KPN 1 (Kin\u00e9siologie P\u00e9ri-Natale)<\/li><\/ul>\n\n\n\n<p class=\"has-text-align-center\">Certification d&rsquo;instructrice en cours : Stress Release 1-3<\/p>\n\n\n\n<p><!--EndFragment--><\/p>\n\n\n\n<p><\/p>\n<\/div>\n<\/div>\n\n\n\n<h2 class=\"wp-block-heading\">                                        <\/h2>\n","protected":false},"excerpt":{"rendered":"<p>Pr\u00e9sentation Ce cours, d\u00e9velopp\u00e9 par Dr Bruce et Joan Dewe, est compos\u00e9 d&rsquo;outils de gestion de stress qui s\u2019inspirent des techniques tib\u00e9taines ou himalayennes. Pr\u00e9-requis Touch For Health 3 Tout Public Objectifs de la formation Localiser les diff\u00e9rentes circulations \u00e9nerg\u00e9tiques tib\u00e9tains D\u00e9couvrir le testing musculaire du Muscle Indicateur (MI) Identifier la technique pr\u00e9f\u00e9r\u00e9e pour un &hellip; <\/p>\n","protected":false},"author":1,"featured_media":0,"parent":0,"menu_order":0,"comment_status":"closed","ping_status":"closed","template":"","meta":{"footnotes":""},"class_list":["post-67","page","type-page","status-publish","hentry"],"jetpack_sharing_enabled":true,"_links":{"self":[{"href":"https:\/\/memoireducorps.fr\/index.php\/wp-json\/wp\/v2\/pages\/67","targetHints":{"allow":["GET"]}}],"collection":[{"href":"https:\/\/memoireducorps.fr\/index.php\/wp-json\/wp\/v2\/pages"}],"about":[{"href":"https:\/\/memoireducorps.fr\/index.php\/wp-json\/wp\/v2\/types\/page"}],"author":[{"embeddable":true,"href":"https:\/\/memoireducorps.fr\/index.php\/wp-json\/wp\/v2\/users\/1"}],"replies":[{"embeddable":true,"href":"https:\/\/memoireducorps.fr\/index.php\/wp-json\/wp\/v2\/comments?post=67"}],"version-history":[{"count":26,"href":"https:\/\/memoireducorps.fr\/index.php\/wp-json\/wp\/v2\/pages\/67\/revisions"}],"predecessor-version":[{"id":1509,"href":"https:\/\/memoireducorps.fr\/index.php\/wp-json\/wp\/v2\/pages\/67\/revisions\/1509"}],"wp:attachment":[{"href":"https:\/\/memoireducorps.fr\/index.php\/wp-json\/wp\/v2\/media?parent=67"}],"curies":[{"name":"wp","href":"https:\/\/api.w.org\/{rel}","templated":true}]}}