{"id":295,"date":"2020-03-03T23:03:00","date_gmt":"2020-03-03T22:03:00","guid":{"rendered":"http:\/\/memoireducorps.fr\/?page_id=295"},"modified":"2023-06-05T11:55:04","modified_gmt":"2023-06-05T09:55:04","slug":"brain-gym","status":"publish","type":"page","link":"https:\/\/memoireducorps.fr\/index.php\/brain-gym\/","title":{"rendered":"Brain Gym"},"content":{"rendered":"\n<div class=\"wp-block-media-text alignwide\"><figure class=\"wp-block-media-text__media\"><img data-recalc-dims=\"1\" fetchpriority=\"high\" decoding=\"async\" width=\"1020\" height=\"772\" src=\"https:\/\/i0.wp.com\/memoireducorps.fr\/wp-content\/uploads\/2020\/04\/brain-2750415_1280-1024x775.png?resize=1020%2C772\" alt=\"\" class=\"wp-image-498 size-full\" srcset=\"https:\/\/i0.wp.com\/memoireducorps.fr\/wp-content\/uploads\/2020\/04\/brain-2750415_1280.png?resize=1024%2C775&amp;ssl=1 1024w, https:\/\/i0.wp.com\/memoireducorps.fr\/wp-content\/uploads\/2020\/04\/brain-2750415_1280.png?resize=300%2C227&amp;ssl=1 300w, https:\/\/i0.wp.com\/memoireducorps.fr\/wp-content\/uploads\/2020\/04\/brain-2750415_1280.png?resize=768%2C581&amp;ssl=1 768w, https:\/\/i0.wp.com\/memoireducorps.fr\/wp-content\/uploads\/2020\/04\/brain-2750415_1280.png?resize=79%2C60&amp;ssl=1 79w, https:\/\/i0.wp.com\/memoireducorps.fr\/wp-content\/uploads\/2020\/04\/brain-2750415_1280.png?w=1280&amp;ssl=1 1280w\" sizes=\"(max-width: 1020px) 100vw, 1020px\" \/><\/figure><div class=\"wp-block-media-text__content\">\n<p class=\"has-large-font-size\"><\/p>\n<\/div><\/div>\n\n\n\n<h2 class=\"has-text-align-center wp-block-heading\">Formation Brain Gym \/ Education Kinesth\u00e9sique (formation en Kin\u00e9siologie)<\/h2>\n\n\n\n<h4 class=\"has-text-align-center wp-block-heading\">Pourquoi une formation en Education Kinesth\u00e9sique \/ Brain Gym ?<\/h4>\n\n\n\n<p class=\"has-text-align-center\">Peut-\u00eatre avez-vous d\u00e9j\u00e0 exp\u00e9riment\u00e9 la Kin\u00e9siologie et aimeriez gagner en autonomie en apprenant \u00e0 observer votre ressenti et l\u2019auto test (fondamental en Brain Gym). Envie de donner des s\u00e9ances de Brain Gym \u00e0 vos proches, \u00e0 vous-m\u00eame, et\/ou \u00e0 vos \u00e9l\u00e8ves ou clients ?<\/p>\n\n\n\n<p class=\"has-text-align-center\">Peut-\u00eatre que vous \u00eates \u00e0 la recherche de techniques simples et efficaces pour faciliter l\u2019apprentissage,&nbsp;enlever les blocages, voire compl\u00e9ter vos comp\u00e9tences professionnelles&nbsp; ?<\/p>\n\n\n\n<p class=\"has-text-align-center\">Peut-\u00eatre que vous souhaiteriez g\u00e9rer et animer des groupes avec une approche plus ludique : votre classe d\u2019\u00e9l\u00e8ves ou d\u2019\u00e9tudiants (pour tout enseignant), un groupe de sportifs ou d\u2019artistes, de s\u00e9niors, votre famille, etc\u2026) ?<\/p>\n\n\n\n<p class=\"has-text-align-center\">Ou tout simplement, auriez-vous envie de vous reconnecter \u00e0 votre corps (sensations), \u00e0 votre coeur (\u00e9motions), et \u00e0 votre plein potentiel de cr\u00e9ativit\u00e9 (pens\u00e9es) ?<\/p>\n\n\n\n<p class=\"has-text-align-center\">Dans l\u2019affirmative, venez exp\u00e9rimenter le Brain Gym en profondeur avec cette formation Brain Gym certifi\u00e9e et certifiante, ouverte \u00e0 tous, en particulier aux professeurs des \u00e9coles, psychomotriciens, orthophonistes, ergoth\u00e9rapeutes, ost\u00e9opathes, kin\u00e9sith\u00e9rapeutes, psychologues, et \u00e0 toute personne qui a envie d\u2019am\u00e9liorer son quotidien en apprenant \u00e0 \u00eatre \u00e0 l\u2019\u00e9coute de ses \u00e9motions, de ses sensations physiques et de ses pens\u00e9es.<br>Les 26 activit\u00e9s de Brain Gym sont des activit\u00e9s simples et ludiques facile \u00e0 utiliser avec les enfants et les adultes, en groupe ou en individuel.<\/p>\n\n\n\n<h3 class=\"has-text-align-center wp-block-heading\">Le Brain Gym, c\u2019est quoi ?<\/h3>\n\n\n<div class=\"wp-block-image\">\n<figure class=\"alignleft\"><img data-recalc-dims=\"1\" decoding=\"async\" src=\"https:\/\/i0.wp.com\/www.gokinesio.fr\/wp-content\/uploads\/braingym.png?w=1020\" alt=\"\" class=\"wp-image-1511\" title=\"brain gym Gokin\u00e9sio kin\u00e9siologie formation\"\/><\/figure>\n<\/div>\n\n\n<p class=\"has-text-align-left\">L\u2019\u00e9ducation kinesth\u00e9sique&nbsp;est une approche \u00e9ducative qui utilise principalement des mouvements et activit\u00e9s motrices et artistiques pour d\u00e9velopper notre potentiel.<br>Le Brain Gym est un module&nbsp;de l\u2019\u00e9ducation kinesth\u00e9sique : il apporte&nbsp;du mieux-\u00eatre au quotidien. Il&nbsp;favorise la communication entre le corps et les fonctions cognitives par des activit\u00e9s motrices et artistiques, des outils simples et ludiques.<br>Pratiquer le Brain Gym, c\u2019est apprendre \u00e0 observer le langage du corps et mettre ce corps en mouvement pour d\u00e9velopper son potentiel,&nbsp;ses comp\u00e9tences,&nbsp;favoriser le bien-\u00eatre et l\u2019estime de soi.<br>Le Brain Gym nous invite \u00e0&nbsp;utiliser notre \u00e9nergie avec justesse afin de vivre en harmonie&nbsp;dans toutes nos dimensions. Il&nbsp;peut \u00eatre pratiqu\u00e9 par tous, chacun peut l\u2019adapter, quel que soit le domaine&nbsp;: scolaire, relationnel,&nbsp;professionnel\u2026<\/p>\n\n\n\n<p class=\"has-text-align-center\">Je vous invite \u00e0 visiter le site&nbsp;<a href=\"https:\/\/www.braingym.fr\/\">www.braingym.fr<\/a>, en particulier&nbsp;le journal qui regorge de t\u00e9moignages de tout type sur l\u2019efficacit\u00e9 du Brain Gym (venant d\u2019enseignants, d\u2019\u00e9l\u00e8ves, d\u2019\u00e9tudiants, de sportifs, de parents, de s\u00e9niors, etc\u2026). Merci de me contacter pour obtenir un recueil d\u2019articles dans votre domaines d\u2019activit\u00e9.<\/p>\n\n\n\n<h2 class=\"has-text-align-center wp-block-heading\">Programme de Formation certifi\u00e9e en Education kinesth\u00e9sique : Brain Gym et OO<\/h2>\n\n\n\n<div class=\"wp-block-columns is-layout-flex wp-container-core-columns-is-layout-9d6595d7 wp-block-columns-is-layout-flex\">\n<div class=\"wp-block-column is-layout-flow wp-block-column-is-layout-flow\">\n<div class=\"wp-block-group\"><div class=\"wp-block-group__inner-container is-layout-flow wp-block-group-is-layout-flow\">\n<h3 class=\"has-text-align-center wp-block-heading\"><strong>Brain Gym 104 (2 jours)<\/strong><\/h3>\n\n\n\n<p class=\"has-text-align-center\">Cette initiation s\u2019adresse aux parents, enseignants, orthophonistes, ergoth\u00e9rapeutes, \u00e9ducateurs, psychomotriciens, et toutes personnes souhaitant d\u00e9couvrir le Brain Gym !<\/p>\n\n\n\n<p class=\"has-text-align-center\">D\u00e9couvrir les 26 mouvements de base du Brain Gym, leur fonctionnement et leurs actions sur nous avec des observations avant et apr\u00e8s chaque mouvements.<br>Les utiliser pour soi au quotidien et\/ou les proposer aux enfants, en groupe, seul, en famille\u2026<\/p>\n\n\n\n<p class=\"has-text-align-center\"><a href=\"https:\/\/www.ecapnantes.fr\/boutique\/fr\/-livres-brain-gym\/39-livre-brain-gym-le-mouvement-cle-de-l-apprentissage-2eme-edition-paul-dennison.html\" target=\"_blank\" rel=\"noreferrer noopener\">Le livre de Paul Dennison \u00ab Le mouvement, clef de l\u2019apprentissage \u00bb est \u00e0 acheter<\/a>&nbsp;par le stagiaire d\u00e8s l\u2019inscription.<\/p>\n\n\n\n<p class=\"has-text-align-center\"><strong><span style=\"text-decoration: underline;\">Au programme :<\/span><\/strong><\/p>\n\n\n\n<ul class=\"wp-block-list\"><li>Comment mettre le cap sur l\u2019apprentissage ? Se pr\u00e9parer \u00e0 apprendre.<\/li><li>Le cerveau dans ses trois dimensions (h\u00e9misph\u00e8res droit et gauche, cerveau \u00e9motionnel et cerveau reptilien)<\/li><li>Les 26 mouvements et leurs fonctions :<ul><li>11 Mouvements de la ligne m\u00e9diane pour stimuler<\/li><li>7 exercices \u00e9nerg\u00e9tiques pour d\u00e9tendre<\/li><li>6 activit\u00e9s d\u2019allongement pour lib\u00e9rer<\/li><li>2 attitudes d\u2019approfondissement pour \u00eatre positif<\/li><\/ul><\/li><\/ul>\n<\/div><\/div>\n\n\n\n<div class=\"wp-block-group\"><div class=\"wp-block-group__inner-container is-layout-flow wp-block-group-is-layout-flow\"><\/div><\/div>\n<\/div>\n\n\n\n<div class=\"wp-block-column is-layout-flow wp-block-column-is-layout-flow\">\n<div class=\"wp-block-group\"><div class=\"wp-block-group__inner-container is-layout-flow wp-block-group-is-layout-flow\">\n<h2 class=\"has-text-align-center wp-block-heading\"><strong>Brain Gym 1&amp;2 (4 jours)<\/strong><\/h2>\n\n\n\n<p class=\"has-text-align-center\">Utiliser les mouvements de Brain Gym au sein d\u2019\u00e9quilibrages, dans le but d\u2019am\u00e9liorer la communication, la compr\u00e9hension, l\u2019organisation et l\u2019apprentissage en g\u00e9n\u00e9ral.<\/p>\n\n\n\n<p class=\"has-text-align-center\">Pour un objectif d\u00e9termin\u00e9, apprendre \u00e0 \u00e9quilibrer son corps dans ses trois dimensions (droite\/gauche, haut\/bas et avant\/arri\u00e8re).<\/p>\n\n\n\n<p class=\"has-text-align-center\"><strong><span style=\"text-decoration: underline;\">Au programme :<\/span><\/strong><\/p>\n\n\n\n<ul class=\"wp-block-list\"><li>Les 5 \u00e9tapes d\u2019un \u00e9quilibrage<\/li><li>L\u2019objectif d\u2019une s\u00e9ance<\/li><li>Le remodelage de lat\u00e9ralit\u00e9 de Dennison (RLD)<\/li><li>Equilibrages avec exp\u00e9rimentation des 26 mouvements :<br>\u2022 pour \u00eatre positif (stress et apprentissage)<br>\u2022 de la vision (yeux, lecture)<br>\u2022 de l\u2019\u00e9coute (langage, m\u00e9morisation)<br>\u2022 des aptitudes motrices fines (\u00e9criture, dessin,\u2026)<br>\u2022 pour la communication (lat\u00e9ralit\u00e9)<br>\u2022 pour la compr\u00e9hension (focalisation \/ concentration)<br>\u2022 pour l\u2019organisation (centrage)<br>\u2022 Remodelage des trois dimensions (interaction des 3 dimensions entre elles)<br>\u2022 Equilibrage \u00ab coup de vent \u00bb (rapide au quotidien)<br>\u2022 Equilibrage eX-pansion (complet dans les 3 dimensions)<\/li><\/ul>\n<\/div><\/div>\n<\/div>\n<\/div>\n\n\n\n<h2 class=\"has-text-align-center wp-block-heading\"><strong>Organisation Optimale (3 jours)<\/strong><\/h2>\n\n\n\n<p class=\"has-text-align-center\">Ce stage donne en 3 jours des cl\u00e9s d\u2019observation et de compr\u00e9hension sur l\u2019organisation physique (comprenant aussi nos \u00e9motions et nos pens\u00e9es) pour l\u2019apprentissage. Par exemple, quel est mon oeil de pr\u00e9f\u00e9rence et comment je m\u2019en sers ? L\u2019autre \u0153il coop\u00e8re-t-il et ma vision est-elle fluide alors ?<br>Nous explorerons les profils par des jeux, des mises en situation pour l\u2019observation de soi et de l\u2019autre. Les informations ainsi recueillies guideront le choix des mouvements .<\/p>\n\n\n\n<p class=\"has-text-align-center\">Dans ce cours, vous apprendrez \u00e0 :<\/p>\n\n\n\n<ul class=\"wp-block-list\"><li>D\u00e9terminer vos \u00ab pr\u00e9f\u00e9rences \u00bb d\u2019utilisation de Main \/ oeil \/ oreille \/ pied \/ h\u00e9misph\u00e8re : la plupart d\u2019entre nous sommes gaucher ou droitier de la main et nous sommes \u00e9galement droitier ou gaucher de l\u2019\u0153il, de l\u2019oreille et du pied, ce qui a des incidences sur notre mani\u00e8re d\u2019apprendre.<\/li><li>\u00c9tablir un profil d\u2019apprentissage : dans une situation stressante, nous avons tendance \u00e0 \u00abd\u00e9brancher \u00bb nos organes sensoriels. Ce profil permet de concr\u00e8tement mettre en \u00e9vidence la mani\u00e8re dont nous utilisons notre corps pour r\u00e9aliser un objectif pr\u00e9cis, et de voir que cela varie d\u2019un objectif \u00e0 un autre.<\/li><\/ul>\n\n\n\n<p class=\"has-text-align-center\">Ainsi, les informations et techniques \u00e9tudi\u00e9es dans ce cours permettront de personnaliser de mani\u00e8re tr\u00e8s pr\u00e9cise le travail de Brain Gym et nous continuerons \u00e0 utiliser les 26 activit\u00e9s que vous connaissez d\u00e9sormais, afin d\u2019am\u00e9liorer davantage nos comp\u00e9tences.<\/p>\n\n\n\n<p class=\"has-text-align-center\"><strong>Au programme :<\/strong><\/p>\n\n\n\n<ul class=\"wp-block-list\"><li>Lat\u00e9ralisation et tenue du stylo<\/li><li>Droitiers et gauchers<\/li><li>Tests de pr\u00e9f\u00e9rence (yeux, oreilles, mains, jambes, h\u00e9misph\u00e8res) par observation<\/li><li>9 variantes des exercices \u00e9nerg\u00e9tiques<\/li><li>\u00c9quilibrage pour la dext\u00e9rit\u00e9<\/li><li>\u00c9quilibrage X-pansion pour acc\u00e9der \u00e0 ses ressources<\/li><\/ul>\n\n\n\n<div class=\"wp-block-columns is-layout-flex wp-container-core-columns-is-layout-9d6595d7 wp-block-columns-is-layout-flex\">\n<div class=\"wp-block-column is-layout-flow wp-block-column-is-layout-flow\" style=\"flex-basis:66.66%\">\n<h4 class=\"has-text-align-center wp-block-heading\"><mark style=\"background-color:rgba(0, 0, 0, 0)\" class=\"has-inline-color has-light-green-cyan-color\">Calendrier de formations pr\u00e9vues <\/mark><\/h4>\n\n\n\n<p>Me consulter <\/p>\n<\/div>\n\n\n\n<div class=\"wp-block-column is-layout-flow wp-block-column-is-layout-flow\" style=\"flex-basis:33.33%\">\n<figure class=\"wp-block-image size-large is-resized is-style-default\"><img data-recalc-dims=\"1\" decoding=\"async\" src=\"https:\/\/i0.wp.com\/memoireducorps.fr\/wp-content\/uploads\/2020\/04\/calendar-3073971_1920.jpg?resize=312%2C208&#038;ssl=1\" alt=\"\" class=\"wp-image-883\" width=\"312\" height=\"208\" srcset=\"https:\/\/i0.wp.com\/memoireducorps.fr\/wp-content\/uploads\/2020\/04\/calendar-3073971_1920.jpg?resize=1024%2C683&amp;ssl=1 1024w, https:\/\/i0.wp.com\/memoireducorps.fr\/wp-content\/uploads\/2020\/04\/calendar-3073971_1920.jpg?resize=300%2C200&amp;ssl=1 300w, https:\/\/i0.wp.com\/memoireducorps.fr\/wp-content\/uploads\/2020\/04\/calendar-3073971_1920.jpg?resize=768%2C512&amp;ssl=1 768w, https:\/\/i0.wp.com\/memoireducorps.fr\/wp-content\/uploads\/2020\/04\/calendar-3073971_1920.jpg?resize=1536%2C1024&amp;ssl=1 1536w, https:\/\/i0.wp.com\/memoireducorps.fr\/wp-content\/uploads\/2020\/04\/calendar-3073971_1920.jpg?resize=450%2C300&amp;ssl=1 450w, https:\/\/i0.wp.com\/memoireducorps.fr\/wp-content\/uploads\/2020\/04\/calendar-3073971_1920.jpg?resize=90%2C60&amp;ssl=1 90w, https:\/\/i0.wp.com\/memoireducorps.fr\/wp-content\/uploads\/2020\/04\/calendar-3073971_1920.jpg?w=1920&amp;ssl=1 1920w\" sizes=\"(max-width: 312px) 100vw, 312px\" \/><\/figure>\n<\/div>\n<\/div>\n\n\n\n<p><\/p>\n","protected":false},"excerpt":{"rendered":"<p>Formation Brain Gym \/ Education Kinesth\u00e9sique (formation en Kin\u00e9siologie) Pourquoi une formation en Education Kinesth\u00e9sique \/ Brain Gym ? Peut-\u00eatre avez-vous d\u00e9j\u00e0 exp\u00e9riment\u00e9 la Kin\u00e9siologie et aimeriez gagner en autonomie en apprenant \u00e0 observer votre ressenti et l\u2019auto test (fondamental en Brain Gym). Envie de donner des s\u00e9ances de Brain Gym \u00e0 vos proches, \u00e0 &hellip; <\/p>\n","protected":false},"author":1,"featured_media":0,"parent":0,"menu_order":0,"comment_status":"closed","ping_status":"closed","template":"","meta":{"footnotes":""},"class_list":["post-295","page","type-page","status-publish","hentry"],"jetpack_sharing_enabled":true,"_links":{"self":[{"href":"https:\/\/memoireducorps.fr\/index.php\/wp-json\/wp\/v2\/pages\/295","targetHints":{"allow":["GET"]}}],"collection":[{"href":"https:\/\/memoireducorps.fr\/index.php\/wp-json\/wp\/v2\/pages"}],"about":[{"href":"https:\/\/memoireducorps.fr\/index.php\/wp-json\/wp\/v2\/types\/page"}],"author":[{"embeddable":true,"href":"https:\/\/memoireducorps.fr\/index.php\/wp-json\/wp\/v2\/users\/1"}],"replies":[{"embeddable":true,"href":"https:\/\/memoireducorps.fr\/index.php\/wp-json\/wp\/v2\/comments?post=295"}],"version-history":[{"count":57,"href":"https:\/\/memoireducorps.fr\/index.php\/wp-json\/wp\/v2\/pages\/295\/revisions"}],"predecessor-version":[{"id":1484,"href":"https:\/\/memoireducorps.fr\/index.php\/wp-json\/wp\/v2\/pages\/295\/revisions\/1484"}],"wp:attachment":[{"href":"https:\/\/memoireducorps.fr\/index.php\/wp-json\/wp\/v2\/media?parent=295"}],"curies":[{"name":"wp","href":"https:\/\/api.w.org\/{rel}","templated":true}]}}