{"id":2,"date":"2020-02-16T16:50:18","date_gmt":"2020-02-16T15:50:18","guid":{"rendered":"http:\/\/memoireducorps.fr\/?page_id=2"},"modified":"2026-02-17T14:29:22","modified_gmt":"2026-02-17T13:29:22","slug":"page-d-exemple","status":"publish","type":"page","link":"https:\/\/memoireducorps.fr\/","title":{"rendered":"Accueil"},"content":{"rendered":"\n<p class=\"has-text-align-center\"><strong>M\u00e9moire du corps<\/strong> est dans un autre langage<strong> Mes Maux : Art du corps. <\/strong>L&rsquo;art des maux que notre corps met en lumi\u00e8re pour nous parler, nous orienter sur ce qu&rsquo;il n&rsquo;a pas di-g\u00e9r\u00e9 ou au contraire bien assimil\u00e9. Cette m\u00e9moire cellulaire dans laquelle tout est enregistr\u00e9e. De notre g\u00e9n\u00e9alogie en passant par le v\u00e9cu intra-ut\u00e9rin, les relations, les choix que l&rsquo;on a fait,&#8230; tout est encore l\u00e0 aujourd&rsquo;hui dans ce qu&rsquo;on pourrait appel\u00e9 notre ordinateur biologique ( corps ). La kin\u00e9siolgie aborde cette notion de mani\u00e8re holistique. Elle vous permet d&rsquo;acc\u00e9der \u00e0 une autonomie en terme de pr\u00e9vention \u00e0 la Sant\u00e9.<\/p>\n\n\n\n<h2 class=\"wp-block-heading has-text-align-center\">D\u00e9couvrez 14 tests musculaires du Touch For Health \/ La Sant\u00e9 par le Toucher <\/h2>\n\n\n\n<figure class=\"wp-block-embed aligncenter is-type-video is-provider-youtube wp-block-embed-youtube wp-embed-aspect-16-9 wp-has-aspect-ratio\"><div class=\"wp-block-embed__wrapper\">\n<div class=\"jetpack-video-wrapper\"><iframe title=\"Comment faire le test musculaire debout en Kin\u00e9siologie \/ Sant\u00e9 par le Toucher \/ Touch for Health ?\" width=\"1020\" height=\"574\" src=\"https:\/\/www.youtube.com\/embed\/6KvZ8uemrlc?start=5&#038;feature=oembed\" frameborder=\"0\" allow=\"accelerometer; autoplay; clipboard-write; encrypted-media; gyroscope; picture-in-picture\" allowfullscreen><\/iframe><\/div>\n<\/div><\/figure>\n\n\n\n<h2 class=\"wp-block-heading has-text-align-center\">T\u00e9l\u00e9chargez votre <a href=\"https:\/\/tutokinesio.systeme.io\/64fdd43e\">Touch Freedom<\/a> gratuitement en <a href=\"https:\/\/tutokinesio.systeme.io\/64fdd43e\">cliquant ici <\/a><\/h2>\n\n\n\n<blockquote class=\"wp-block-quote has-text-align-center is-layout-flow wp-block-quote-is-layout-flow\">\n<p>Redonner la parole au corps et retrouver votre plein potentiel.<\/p>\n<\/blockquote>\n\n\n\n<div class=\"container main-content\">\n                    <div class=\"category-section wow fadeIn\" data-wow-delay=\"0.1s\">\n        \t\t<div class=\"row\">\n        \t\t\t                    <div class=\"col\">\n        \t\t\t\t<a href=\"https:\/\/memoireducorps.fr\/index.php\/la-kinesiologie\/\" class=\"img-holder\">\n        \t\t\t\t\t<img fetchpriority=\"high\" decoding=\"async\" width=\"450\" height=\"300\" src=\"https:\/\/i1.wp.com\/memoireducorps.fr\/wp-content\/uploads\/2020\/04\/meditation-1000062_1920.jpg?resize=450%2C300&amp;ssl=1\" class=\"attachment-blossom-feminine-cat size-blossom-feminine-cat wp-post-image\" alt=\"\" srcset=\"https:\/\/i1.wp.com\/memoireducorps.fr\/wp-content\/uploads\/2020\/04\/meditation-1000062_1920.jpg?resize=450%2C300&amp;ssl=1 450w, https:\/\/i1.wp.com\/memoireducorps.fr\/wp-content\/uploads\/2020\/04\/meditation-1000062_1920.jpg?zoom=2&amp;resize=450%2C300&amp;ssl=1 900w, https:\/\/i1.wp.com\/memoireducorps.fr\/wp-content\/uploads\/2020\/04\/meditation-1000062_1920.jpg?zoom=3&amp;resize=450%2C300&amp;ssl=1 1350w\" sizes=\"(max-width: 450px) 100vw, 450px\" \/><div class=\"text-holder\"><span>La Kin\u00e9siologie<\/span><\/div> \n        \t\t\t\t<\/a>\n        \t\t\t<\/div>\n        \t\t\t                    <div class=\"col\">\n        \t\t\t\t<a href=\"https:\/\/memoireducorps.fr\/index.php\/formations\/\" class=\"img-holder\">\n        \t\t\t\t\t<img decoding=\"async\" width=\"450\" height=\"300\" src=\"https:\/\/i1.wp.com\/memoireducorps.fr\/wp-content\/uploads\/2020\/02\/treatment-1327811_1920.jpg?resize=450%2C300&amp;ssl=1\" class=\"attachment-blossom-feminine-cat size-blossom-feminine-cat wp-post-image\" alt=\"\" srcset=\"https:\/\/i1.wp.com\/memoireducorps.fr\/wp-content\/uploads\/2020\/02\/treatment-1327811_1920.jpg?w=1920&amp;ssl=1 1920w, https:\/\/i1.wp.com\/memoireducorps.fr\/wp-content\/uploads\/2020\/02\/treatment-1327811_1920.jpg?resize=300%2C199&amp;ssl=1 300w, https:\/\/i1.wp.com\/memoireducorps.fr\/wp-content\/uploads\/2020\/02\/treatment-1327811_1920.jpg?resize=1024%2C680&amp;ssl=1 1024w, https:\/\/i1.wp.com\/memoireducorps.fr\/wp-content\/uploads\/2020\/02\/treatment-1327811_1920.jpg?resize=768%2C510&amp;ssl=1 768w, https:\/\/i1.wp.com\/memoireducorps.fr\/wp-content\/uploads\/2020\/02\/treatment-1327811_1920.jpg?resize=1536%2C1020&amp;ssl=1 1536w, https:\/\/i1.wp.com\/memoireducorps.fr\/wp-content\/uploads\/2020\/02\/treatment-1327811_1920.jpg?resize=450%2C300&amp;ssl=1 450w, https:\/\/i1.wp.com\/memoireducorps.fr\/wp-content\/uploads\/2020\/02\/treatment-1327811_1920.jpg?resize=90%2C60&amp;ssl=1 90w\" sizes=\"(max-width: 450px) 100vw, 450px\" \/><div class=\"text-holder\"><span>Formations<\/span><\/div> \n        \t\t\t\t<\/a>\n        \t\t\t<\/div>\n        \t\t\t                    <div class=\"col\">\n        \t\t\t\t<a href=\"https:\/\/memoireducorps.fr\/index.php\/contact\/\" class=\"img-holder\">\n        \t\t\t\t\t<img decoding=\"async\" width=\"450\" height=\"300\" src=\"https:\/\/i2.wp.com\/memoireducorps.fr\/wp-content\/uploads\/2020\/02\/main-dans-la-main-e1587977516673.png?resize=450%2C300&amp;ssl=1\" class=\"attachment-blossom-feminine-cat size-blossom-feminine-cat wp-post-image\" alt=\"\" srcset=\"https:\/\/i2.wp.com\/memoireducorps.fr\/wp-content\/uploads\/2020\/02\/main-dans-la-main-e1587977516673.png?resize=450%2C300&amp;ssl=1 450w, https:\/\/i2.wp.com\/memoireducorps.fr\/wp-content\/uploads\/2020\/02\/main-dans-la-main-e1587977516673.png?zoom=2&amp;resize=450%2C300&amp;ssl=1 900w, https:\/\/i2.wp.com\/memoireducorps.fr\/wp-content\/uploads\/2020\/02\/main-dans-la-main-e1587977516673.png?zoom=3&amp;resize=450%2C300&amp;ssl=1 1350w\" sizes=\"(max-width: 450px) 100vw, 450px\" \/><div class=\"text-holder\"><span>Contact<\/span><\/div> \n        \t\t\t\t<\/a>\n        \t\t\t<\/div>\n        \t\t\t        \t\t<\/div>\n        \t<\/div>\n\n\n\n<!-- D\u00e9but de widget de badge Calendly -->\n<link href=\"https:\/\/assets.calendly.com\/assets\/external\/widget.css\" rel=\"stylesheet\">\n<script src=\"https:\/\/assets.calendly.com\/assets\/external\/widget.js\" type=\"text\/javascript\"><\/script>\n<script type=\"text\/javascript\">Calendly.initBadgeWidget({ url: 'https:\/\/calendly.com\/memoireducorps', text: 'RDV en ligne ICI', color: '#74e3c5', textColor: '#000000', branding: true });<\/script>\n<!-- Fin de widget de badge Calendly -->\n","protected":false},"excerpt":{"rendered":"<p>M\u00e9moire du corps est dans un autre langage Mes Maux : Art du corps. L&rsquo;art des maux que notre corps met en lumi\u00e8re pour nous parler, nous orienter sur ce qu&rsquo;il n&rsquo;a pas di-g\u00e9r\u00e9 ou au contraire bien assimil\u00e9. Cette m\u00e9moire cellulaire dans laquelle tout est enregistr\u00e9e. De notre g\u00e9n\u00e9alogie en passant par le v\u00e9cu &hellip; <\/p>\n","protected":false},"author":1,"featured_media":0,"parent":0,"menu_order":0,"comment_status":"closed","ping_status":"closed","template":"","meta":{"footnotes":""},"class_list":["post-2","page","type-page","status-publish","hentry"],"jetpack_sharing_enabled":true,"_links":{"self":[{"href":"https:\/\/memoireducorps.fr\/index.php\/wp-json\/wp\/v2\/pages\/2","targetHints":{"allow":["GET"]}}],"collection":[{"href":"https:\/\/memoireducorps.fr\/index.php\/wp-json\/wp\/v2\/pages"}],"about":[{"href":"https:\/\/memoireducorps.fr\/index.php\/wp-json\/wp\/v2\/types\/page"}],"author":[{"embeddable":true,"href":"https:\/\/memoireducorps.fr\/index.php\/wp-json\/wp\/v2\/users\/1"}],"replies":[{"embeddable":true,"href":"https:\/\/memoireducorps.fr\/index.php\/wp-json\/wp\/v2\/comments?post=2"}],"version-history":[{"count":67,"href":"https:\/\/memoireducorps.fr\/index.php\/wp-json\/wp\/v2\/pages\/2\/revisions"}],"predecessor-version":[{"id":1517,"href":"https:\/\/memoireducorps.fr\/index.php\/wp-json\/wp\/v2\/pages\/2\/revisions\/1517"}],"wp:attachment":[{"href":"https:\/\/memoireducorps.fr\/index.php\/wp-json\/wp\/v2\/media?parent=2"}],"curies":[{"name":"wp","href":"https:\/\/api.w.org\/{rel}","templated":true}]}}