{"id":1209,"date":"2020-05-25T23:45:10","date_gmt":"2020-05-25T21:45:10","guid":{"rendered":"https:\/\/memoireducorps.fr\/?page_id=1209"},"modified":"2021-01-05T17:00:51","modified_gmt":"2021-01-05T16:00:51","slug":"temoignages","status":"publish","type":"page","link":"https:\/\/memoireducorps.fr\/index.php\/temoignages\/","title":{"rendered":"T\u00e9moignages"},"content":{"rendered":"\n<h1 class=\"has-text-align-center wp-block-heading\">T\u00e9moignages en Kin\u00e9siologie<\/h1>\n\n\n\n<div class=\"wp-block-media-text alignwide is-stacked-on-mobile\"><figure class=\"wp-block-media-text__media\"><img data-recalc-dims=\"1\" fetchpriority=\"high\" decoding=\"async\" width=\"1020\" height=\"680\" src=\"https:\/\/i0.wp.com\/memoireducorps.fr\/wp-content\/uploads\/2021\/01\/livre-dor.jpg?resize=1020%2C680&#038;ssl=1\" alt=\"\" class=\"wp-image-1350\" srcset=\"https:\/\/i0.wp.com\/memoireducorps.fr\/wp-content\/uploads\/2021\/01\/livre-dor.jpg?resize=1024%2C683&amp;ssl=1 1024w, https:\/\/i0.wp.com\/memoireducorps.fr\/wp-content\/uploads\/2021\/01\/livre-dor.jpg?resize=300%2C200&amp;ssl=1 300w, https:\/\/i0.wp.com\/memoireducorps.fr\/wp-content\/uploads\/2021\/01\/livre-dor.jpg?resize=768%2C512&amp;ssl=1 768w, https:\/\/i0.wp.com\/memoireducorps.fr\/wp-content\/uploads\/2021\/01\/livre-dor.jpg?resize=1536%2C1024&amp;ssl=1 1536w, https:\/\/i0.wp.com\/memoireducorps.fr\/wp-content\/uploads\/2021\/01\/livre-dor.jpg?resize=450%2C300&amp;ssl=1 450w, https:\/\/i0.wp.com\/memoireducorps.fr\/wp-content\/uploads\/2021\/01\/livre-dor.jpg?resize=90%2C60&amp;ssl=1 90w, https:\/\/i0.wp.com\/memoireducorps.fr\/wp-content\/uploads\/2021\/01\/livre-dor.jpg?w=1920&amp;ssl=1 1920w\" sizes=\"(max-width: 1020px) 100vw, 1020px\" \/><\/figure><div class=\"wp-block-media-text__content\">\n<p class=\"has-text-align-center\">Vous souhaitez partager votre exp\u00e9rience de votre s\u00e9ance en kin\u00e9siologie ? Ou celle de formation ? C&rsquo;est ici ! Prenez 5 minutes &#8230; ou plus si vous avez envie d&rsquo;approfondir votre retour.<\/p>\n\n\n\n<p class=\"has-text-align-center\">Au choix  parmi les possibilit\u00e9s d&rsquo;exp\u00e9rience :<\/p>\n\n\n\n<ul class=\"wp-block-list\"><li>T\u00e9moignage d&rsquo;une s\u00e9ance en kin\u00e9siologie<\/li><li>T\u00e9moignage d&rsquo;une formation effectu\u00e9e avec M\u00e9moire du corps<\/li><li>Autres ( Ateliers, M\u00e9moire, &#8230; )<\/li><\/ul>\n<\/div><\/div>\n\n\n\n<p>Message : Pour les s\u00e9ances en kin\u00e9siologie, pr\u00e9ciser la nature de l&rsquo;objectif de s\u00e9ance : douleur, \u00e9motionnel, relationnel, &#8230; d\u00e9crivez toutes vos observations de s\u00e9ances : Avant, Apr\u00e8s, Entre et Pendant. <\/p>\n\n\n\n<p>Pour les formations effectu\u00e9es, merci de pr\u00e9ciser le nom de la formation et ce qu&rsquo;elle vous a appris.. <\/p>\n\n\n\n<p>Pour la rubrique autres, je vous invite tout simplement \u00e0 exprimer en fonction du th\u00e8me vos sensations, \u00e9motions sur ce que vous avez v\u00e9cus..\u00a0<\/p>\n\n\n\n<p class=\"has-text-align-center\"><strong>Merci pour votre t\u00e9moignage d&rsquo;exp\u00e9rience ! <\/strong><\/p>\n\n\n\n<p><\/p>\n","protected":false},"excerpt":{"rendered":"<p>T\u00e9moignages en Kin\u00e9siologie Vous souhaitez partager votre exp\u00e9rience de votre s\u00e9ance en kin\u00e9siologie ? Ou celle de formation ? C&rsquo;est ici ! Prenez 5 minutes &#8230; ou plus si vous avez envie d&rsquo;approfondir votre retour. Au choix parmi les possibilit\u00e9s d&rsquo;exp\u00e9rience : T\u00e9moignage d&rsquo;une s\u00e9ance en kin\u00e9siologie T\u00e9moignage d&rsquo;une formation effectu\u00e9e avec M\u00e9moire du corps &hellip; <\/p>\n","protected":false},"author":1,"featured_media":0,"parent":0,"menu_order":0,"comment_status":"open","ping_status":"closed","template":"","meta":{"footnotes":""},"class_list":["post-1209","page","type-page","status-publish","hentry"],"jetpack_sharing_enabled":true,"_links":{"self":[{"href":"https:\/\/memoireducorps.fr\/index.php\/wp-json\/wp\/v2\/pages\/1209","targetHints":{"allow":["GET"]}}],"collection":[{"href":"https:\/\/memoireducorps.fr\/index.php\/wp-json\/wp\/v2\/pages"}],"about":[{"href":"https:\/\/memoireducorps.fr\/index.php\/wp-json\/wp\/v2\/types\/page"}],"author":[{"embeddable":true,"href":"https:\/\/memoireducorps.fr\/index.php\/wp-json\/wp\/v2\/users\/1"}],"replies":[{"embeddable":true,"href":"https:\/\/memoireducorps.fr\/index.php\/wp-json\/wp\/v2\/comments?post=1209"}],"version-history":[{"count":16,"href":"https:\/\/memoireducorps.fr\/index.php\/wp-json\/wp\/v2\/pages\/1209\/revisions"}],"predecessor-version":[{"id":1359,"href":"https:\/\/memoireducorps.fr\/index.php\/wp-json\/wp\/v2\/pages\/1209\/revisions\/1359"}],"wp:attachment":[{"href":"https:\/\/memoireducorps.fr\/index.php\/wp-json\/wp\/v2\/media?parent=1209"}],"curies":[{"name":"wp","href":"https:\/\/api.w.org\/{rel}","templated":true}]}}