{"id":1088,"date":"2020-05-08T17:41:15","date_gmt":"2020-05-08T15:41:15","guid":{"rendered":"https:\/\/memoireducorps.fr\/?page_id=1088"},"modified":"2020-05-11T00:31:36","modified_gmt":"2020-05-10T22:31:36","slug":"comment-se-deroule-une-seance","status":"publish","type":"page","link":"https:\/\/memoireducorps.fr\/index.php\/comment-se-deroule-une-seance\/","title":{"rendered":"Comment se d\u00e9roule une s\u00e9ance ?"},"content":{"rendered":"\n<h1 class=\"has-text-align-center wp-block-heading\">Une s\u00e9ance se d\u00e9roule en <span class=\"has-inline-color has-luminous-vivid-orange-color\"><span style=\"text-decoration: underline;\">4 \u00e9tapes:<\/span><\/span><\/h1>\n\n\n\n<h3 class=\"wp-block-heading\"><span class=\"has-inline-color has-luminous-vivid-orange-color\"><span style=\"text-decoration: underline;\">Etape 1 :<\/span><\/span> D\u00e9finir un Objectif<\/h3>\n\n\n\n<p class=\"has-text-align-center\">En kin\u00e9siologie, nous \u00e9tablissons d&rsquo;abord un objectif de s\u00e9ance avant de commencer. Venez \u00e0 la s\u00e9ance avec une liste d&rsquo;objectifs que vous aimeriez r\u00e9alis\u00e9s. De pr\u00e9f\u00e9rence qu&rsquo;ils soient positifs, sp\u00e9cifiques, mesurables, ambitieux, r\u00e9alisables avec la notion de temps. Vous pouvez vous inspirer d&rsquo;exemples cit\u00e9s sur <a rel=\"noreferrer noopener\" href=\"https:\/\/memoireducorps.fr\/index.php\/pour-qui-pour-quoi-2\/\" target=\"_blank\">cette page<\/a>.<\/p>\n\n\n\n<h3 class=\"wp-block-heading\"><span class=\"has-inline-color has-luminous-vivid-orange-color\"><span style=\"text-decoration: underline;\">Etape 2 :<\/span><\/span> Pr\u00e9paration du corps pour le test musculaire de pr\u00e9cision<\/h3>\n\n\n\n<p class=\"has-text-align-center\">Le corps a besoin d&rsquo;\u00eatre pr\u00e9par\u00e9 \u00e0 recevoir la s\u00e9ance pour qu&rsquo;elle soit optimale, claire et pr\u00e9cise comme lors d&rsquo;un entra\u00eenement. Quelques zones du corps sont \u00ab\u00a0branch\u00e9s\u00a0\u00bb avec ce que l&rsquo;on appelle des p\u00e9-tests :<\/p>\n\n\n\n<ul class=\"wp-block-list\"><li>Stimuler des points d&rsquo;acupuncture pour se recentrer, rebrancher les zones du cerveau,<\/li><li>Nous choisissons un muscle qui va nous servir de \u00ab\u00a0pont\u00a0\u00bb comme traducteur de langage du corps pour le mettre en mots, sensations, \u00e9motions, \u00e9nergie. <\/li><li>Boire de l&rsquo;eau fait partie du processus d&rsquo;\u00e9quilibration de d\u00e9part si le corps en a besoin ( N&rsquo;h\u00e9sitez pas \u00e0 ramener votre bouteille d&rsquo;eau avec vous )<\/li><\/ul>\n\n\n\n<h3 class=\"wp-block-heading\"><span class=\"has-inline-color has-luminous-vivid-orange-color\"><span style=\"text-decoration: underline;\">Etape 3 :<\/span><\/span> Les techniques d&rsquo;\u00e9quilibrations<\/h3>\n\n\n\n<p class=\"has-text-align-center\">Le corps choisit parmi toutes mes connaissances et ressources une technique pour r\u00e9-\u00e9quilibrer l&rsquo;\u00e9nergie du stress li\u00e9 \u00e0 l&rsquo;objectif de d\u00e9part. Je me suis form\u00e9e \u00e0 plusieures techniques compl\u00e9mentaires pour r\u00e9pondre au mieux \u00e0 la demande du corps :<\/p>\n\n\n\n<ul class=\"wp-block-list\"><li>K.P.N \/ Kin\u00e9siologie P\u00e9ri-Natale<\/li><li>Touch For Health \/ Sant\u00e9 par le Toucher<\/li><li>3in1 Concept \/ One Brain<\/li><li>Education Kin\u00e9sth\u00e9sique \/ Brain Gym<\/li><li>Stress Release<\/li><li>K.C.S \/ Kin\u00e9siologie Cr\u00e2nio-Sacr\u00e9e<\/li><li>Energie Tib\u00e9taine<\/li><\/ul>\n\n\n\n<h3 class=\"wp-block-heading\"><span class=\"has-inline-color has-luminous-vivid-orange-color\"><span style=\"text-decoration: underline;\">Etape 4 :<\/span><\/span> Fin de s\u00e9ance <\/h3>\n\n\n\n<p class=\"has-text-align-center\">En fin de s\u00e9ance, le corps demande parfois des mouvements \/ outils simples \u00e0 refaire \u00e0 la maison comme un soutien ( \u00ab\u00a0ancrage\u00a0\u00bb ) \u00e0 la s\u00e9ance. Un temps d&rsquo;int\u00e9gration d&rsquo;environ 3 semaines est requis entre chaque s\u00e9ance. Un suivi de 3 s\u00e9ances pour un objectif sp\u00e9cifique est \u00e0 envisager. <\/p>\n\n\n\n<p><br><\/p>\n","protected":false},"excerpt":{"rendered":"<p>Une s\u00e9ance se d\u00e9roule en 4 \u00e9tapes: Etape 1 : D\u00e9finir un Objectif En kin\u00e9siologie, nous \u00e9tablissons d&rsquo;abord un objectif de s\u00e9ance avant de commencer. Venez \u00e0 la s\u00e9ance avec une liste d&rsquo;objectifs que vous aimeriez r\u00e9alis\u00e9s. De pr\u00e9f\u00e9rence qu&rsquo;ils soient positifs, sp\u00e9cifiques, mesurables, ambitieux, r\u00e9alisables avec la notion de temps. Vous pouvez vous inspirer &hellip; <\/p>\n","protected":false},"author":1,"featured_media":0,"parent":0,"menu_order":0,"comment_status":"closed","ping_status":"closed","template":"","meta":{"footnotes":""},"class_list":["post-1088","page","type-page","status-publish","hentry"],"jetpack_sharing_enabled":true,"_links":{"self":[{"href":"https:\/\/memoireducorps.fr\/index.php\/wp-json\/wp\/v2\/pages\/1088","targetHints":{"allow":["GET"]}}],"collection":[{"href":"https:\/\/memoireducorps.fr\/index.php\/wp-json\/wp\/v2\/pages"}],"about":[{"href":"https:\/\/memoireducorps.fr\/index.php\/wp-json\/wp\/v2\/types\/page"}],"author":[{"embeddable":true,"href":"https:\/\/memoireducorps.fr\/index.php\/wp-json\/wp\/v2\/users\/1"}],"replies":[{"embeddable":true,"href":"https:\/\/memoireducorps.fr\/index.php\/wp-json\/wp\/v2\/comments?post=1088"}],"version-history":[{"count":27,"href":"https:\/\/memoireducorps.fr\/index.php\/wp-json\/wp\/v2\/pages\/1088\/revisions"}],"predecessor-version":[{"id":1179,"href":"https:\/\/memoireducorps.fr\/index.php\/wp-json\/wp\/v2\/pages\/1088\/revisions\/1179"}],"wp:attachment":[{"href":"https:\/\/memoireducorps.fr\/index.php\/wp-json\/wp\/v2\/media?parent=1088"}],"curies":[{"name":"wp","href":"https:\/\/api.w.org\/{rel}","templated":true}]}}